{"id":205,"date":"2024-04-30T15:18:44","date_gmt":"2024-04-30T13:18:44","guid":{"rendered":"https:\/\/www.shamtoo.fr\/?post_type=product&#038;p=205"},"modified":"2024-05-06T12:04:20","modified_gmt":"2024-05-06T10:04:20","slug":"les-grrr","status":"publish","type":"product","link":"https:\/\/www.shamtoo.fr\/index.php\/product\/les-grrr\/","title":{"rendered":"Les Grrr"},"content":{"rendered":"<p>S\u2019il y a une chose sur laquelle\u00a0<span class=\"il\">les<\/span>\u00a0<span class=\"il\">Grrr<\/span>\u00a0s\u2019accordent c\u2019est qu\u2019ils ne sont pas contents. Tout est trop ou pas assez, mais jamais comme il faut.<br \/>\nJusqu\u2019au jour o\u00f9 de myst\u00e9rieux points rouges apparaissent sur la fa\u00e7ade d\u2019un immeuble et chamboulent leur existence.<\/p>\n<p>Une histoire pour rappeler aux\u00a0<span class=\"il\">grrr<\/span>\u00a0qui sommeillent en nous qu\u2019il faut parfois d\u00e9border un peu pour prendre la vie du bon c\u00f4t\u00e9.<\/p>\n<p>Cl\u00e9mence Sabbagh &#8211; Agathe Moreau<\/p>\n<p>D\u00e9dicace Agathe Moreau sur demande<\/p>\n","protected":false},"excerpt":{"rendered":"<p><img loading=\"lazy\" decoding=\"async\" class=\"alignnone size-medium wp-image-206\" src=\"http:\/\/www.shamtoo.fr\/wp-content\/uploads\/2024\/04\/les-grrr-couv-web-1-263x300.png\" alt=\"\" width=\"263\" height=\"300\" srcset=\"https:\/\/www.shamtoo.fr\/wp-content\/uploads\/2024\/04\/les-grrr-couv-web-1-263x300.png 263w, https:\/\/www.shamtoo.fr\/wp-content\/uploads\/2024\/04\/les-grrr-couv-web-1-350x400.png 350w, https:\/\/www.shamtoo.fr\/wp-content\/uploads\/2024\/04\/les-grrr-couv-web-1.png 700w\" sizes=\"auto, (max-width: 263px) 100vw, 263px\" \/><\/p>\n","protected":false},"featured_media":206,"comment_status":"open","ping_status":"closed","template":"","meta":[],"product_cat":[19],"product_tag":[],"class_list":{"0":"post-205","1":"product","2":"type-product","3":"status-publish","4":"has-post-thumbnail","6":"product_cat-livre","7":"product_shipping_class-shipping-livre","9":"first","10":"instock","11":"shipping-taxable","12":"purchasable","13":"product-type-simple"},"_links":{"self":[{"href":"https:\/\/www.shamtoo.fr\/index.php\/wp-json\/wp\/v2\/product\/205","targetHints":{"allow":["GET"]}}],"collection":[{"href":"https:\/\/www.shamtoo.fr\/index.php\/wp-json\/wp\/v2\/product"}],"about":[{"href":"https:\/\/www.shamtoo.fr\/index.php\/wp-json\/wp\/v2\/types\/product"}],"replies":[{"embeddable":true,"href":"https:\/\/www.shamtoo.fr\/index.php\/wp-json\/wp\/v2\/comments?post=205"}],"wp:featuredmedia":[{"embeddable":true,"href":"https:\/\/www.shamtoo.fr\/index.php\/wp-json\/wp\/v2\/media\/206"}],"wp:attachment":[{"href":"https:\/\/www.shamtoo.fr\/index.php\/wp-json\/wp\/v2\/media?parent=205"}],"wp:term":[{"taxonomy":"product_cat","embeddable":true,"href":"https:\/\/www.shamtoo.fr\/index.php\/wp-json\/wp\/v2\/product_cat?post=205"},{"taxonomy":"product_tag","embeddable":true,"href":"https:\/\/www.shamtoo.fr\/index.php\/wp-json\/wp\/v2\/product_tag?post=205"}],"curies":[{"name":"wp","href":"https:\/\/api.w.org\/{rel}","templated":true}]}}