{"id":207,"date":"2024-04-30T15:22:02","date_gmt":"2024-04-30T13:22:02","guid":{"rendered":"https:\/\/www.shamtoo.fr\/?post_type=product&#038;p=207"},"modified":"2024-04-30T15:47:59","modified_gmt":"2024-04-30T13:47:59","slug":"tiluron-et-la-peche-a-la-lune","status":"publish","type":"product","link":"https:\/\/www.shamtoo.fr\/index.php\/product\/tiluron-et-la-peche-a-la-lune\/","title":{"rendered":"Tiluron et la P\u00eache \u00e0 la lune"},"content":{"rendered":"<p>Livre illustr\u00e9 &#8211; L&#8217;atelier du poisson soluble<\/p>\n<p>Complicit\u00e9 d\u2019un p\u00e8re avec son fils dans l\u2019ex\u00e9cution d\u2019un incroyable tour de magie : renvoyer dans le ciel un morceau de lune qui semble \u00eatre tomb\u00e9 dans une flaque d\u2019eau. Le proc\u00e9d\u00e9, inventif et po\u00e9tique, reste cr\u00e9dible de bout en bout. Dupe un instant, ou bon public tout simplement, l\u2019enfant assurera \u00e0 son tour, plus tard, la transmission de ce \u00ab super-pouvoir \u00bb. Car la tradition orale et l\u2019imagination en g\u00e9n\u00e9ral, avec les contes en particulier, permettent tout autant d\u2019\u00e9merveiller que de faire grandir.<\/p>\n<p>MAtPaille Agathe Moreau<\/p>\n<p>D\u00e9dicace Agathe Moreau sur demande<\/p>\n","protected":false},"excerpt":{"rendered":"<p><img loading=\"lazy\" decoding=\"async\" class=\"alignnone size-medium wp-image-208\" src=\"http:\/\/www.shamtoo.fr\/wp-content\/uploads\/2024\/04\/Tiluron-et-la-peche-a-la-lune-300x300.jpg\" alt=\"\" width=\"300\" height=\"300\" srcset=\"https:\/\/www.shamtoo.fr\/wp-content\/uploads\/2024\/04\/Tiluron-et-la-peche-a-la-lune-300x300.jpg 300w, https:\/\/www.shamtoo.fr\/wp-content\/uploads\/2024\/04\/Tiluron-et-la-peche-a-la-lune-150x150.jpg 150w, https:\/\/www.shamtoo.fr\/wp-content\/uploads\/2024\/04\/Tiluron-et-la-peche-a-la-lune-100x100.jpg 100w, https:\/\/www.shamtoo.fr\/wp-content\/uploads\/2024\/04\/Tiluron-et-la-peche-a-la-lune-250x250.jpg 250w, https:\/\/www.shamtoo.fr\/wp-content\/uploads\/2024\/04\/Tiluron-et-la-peche-a-la-lune.jpg 340w\" sizes=\"auto, (max-width: 300px) 100vw, 300px\" \/><\/p>\n","protected":false},"featured_media":208,"comment_status":"open","ping_status":"closed","template":"","meta":[],"product_cat":[19],"product_tag":[],"class_list":{"0":"post-207","1":"product","2":"type-product","3":"status-publish","4":"has-post-thumbnail","6":"product_cat-livre","7":"product_shipping_class-shipping-livre","9":"first","10":"instock","11":"shipping-taxable","12":"purchasable","13":"product-type-simple"},"_links":{"self":[{"href":"https:\/\/www.shamtoo.fr\/index.php\/wp-json\/wp\/v2\/product\/207","targetHints":{"allow":["GET"]}}],"collection":[{"href":"https:\/\/www.shamtoo.fr\/index.php\/wp-json\/wp\/v2\/product"}],"about":[{"href":"https:\/\/www.shamtoo.fr\/index.php\/wp-json\/wp\/v2\/types\/product"}],"replies":[{"embeddable":true,"href":"https:\/\/www.shamtoo.fr\/index.php\/wp-json\/wp\/v2\/comments?post=207"}],"wp:featuredmedia":[{"embeddable":true,"href":"https:\/\/www.shamtoo.fr\/index.php\/wp-json\/wp\/v2\/media\/208"}],"wp:attachment":[{"href":"https:\/\/www.shamtoo.fr\/index.php\/wp-json\/wp\/v2\/media?parent=207"}],"wp:term":[{"taxonomy":"product_cat","embeddable":true,"href":"https:\/\/www.shamtoo.fr\/index.php\/wp-json\/wp\/v2\/product_cat?post=207"},{"taxonomy":"product_tag","embeddable":true,"href":"https:\/\/www.shamtoo.fr\/index.php\/wp-json\/wp\/v2\/product_tag?post=207"}],"curies":[{"name":"wp","href":"https:\/\/api.w.org\/{rel}","templated":true}]}}