{"id":210,"date":"2024-04-30T15:29:09","date_gmt":"2024-04-30T13:29:09","guid":{"rendered":"https:\/\/www.shamtoo.fr\/?post_type=product&#038;p=210"},"modified":"2024-04-30T17:29:39","modified_gmt":"2024-04-30T15:29:39","slug":"les-grrr-fetent-noel","status":"publish","type":"product","link":"https:\/\/www.shamtoo.fr\/index.php\/product\/les-grrr-fetent-noel\/","title":{"rendered":"Les Grrr f\u00eatent No\u00ebl"},"content":{"rendered":"<p>Livre illustr\u00e9 &#8211; Le Diplodocus<\/p>\n<p>Ils sont plus r\u00e2leurs que jamais et ils sont de retour pour f\u00eater No\u00ebl en famille. Comme d\u2019habitude \u00e7a ne va pas \u00eatre un cadeau : entre le voyage, la nuit en dortoir et le partage des taches, les Grrr ne vont pas se g\u00eaner pour se plaindre. Mais un \u00e9v\u00e9nement extraordinaire va bousculer leurs habitudes ronchonnes : le P\u00e8re No\u00ebl a d\u00e9cid\u00e9 de se mettre en gr\u00e8ve.<\/p>\n<p>Cl\u00e9mence Sabbagh &#8211;\u00a0 Agathe Moreau<\/p>\n<p>D\u00e9dicace Agathe Moreau sur demande<\/p>\n","protected":false},"excerpt":{"rendered":"<p><img loading=\"lazy\" decoding=\"async\" class=\"alignnone size-medium wp-image-212\" src=\"http:\/\/www.shamtoo.fr\/wp-content\/uploads\/2024\/04\/les-grrr-fetent-noel-couv-1-1362x1536-1-266x300.png\" alt=\"\" width=\"266\" height=\"300\" srcset=\"https:\/\/www.shamtoo.fr\/wp-content\/uploads\/2024\/04\/les-grrr-fetent-noel-couv-1-1362x1536-1-266x300.png 266w, https:\/\/www.shamtoo.fr\/wp-content\/uploads\/2024\/04\/les-grrr-fetent-noel-couv-1-1362x1536-1-908x1024.png 908w, https:\/\/www.shamtoo.fr\/wp-content\/uploads\/2024\/04\/les-grrr-fetent-noel-couv-1-1362x1536-1-768x866.png 768w, https:\/\/www.shamtoo.fr\/wp-content\/uploads\/2024\/04\/les-grrr-fetent-noel-couv-1-1362x1536-1-350x395.png 350w, https:\/\/www.shamtoo.fr\/wp-content\/uploads\/2024\/04\/les-grrr-fetent-noel-couv-1-1362x1536-1.png 1362w\" sizes=\"auto, (max-width: 266px) 100vw, 266px\" \/><\/p>\n","protected":false},"featured_media":212,"comment_status":"open","ping_status":"closed","template":"","meta":[],"product_cat":[19],"product_tag":[],"class_list":{"0":"post-210","1":"product","2":"type-product","3":"status-publish","4":"has-post-thumbnail","6":"product_cat-livre","7":"product_shipping_class-shipping-livre","9":"first","10":"instock","11":"shipping-taxable","12":"purchasable","13":"product-type-simple"},"_links":{"self":[{"href":"https:\/\/www.shamtoo.fr\/index.php\/wp-json\/wp\/v2\/product\/210","targetHints":{"allow":["GET"]}}],"collection":[{"href":"https:\/\/www.shamtoo.fr\/index.php\/wp-json\/wp\/v2\/product"}],"about":[{"href":"https:\/\/www.shamtoo.fr\/index.php\/wp-json\/wp\/v2\/types\/product"}],"replies":[{"embeddable":true,"href":"https:\/\/www.shamtoo.fr\/index.php\/wp-json\/wp\/v2\/comments?post=210"}],"wp:featuredmedia":[{"embeddable":true,"href":"https:\/\/www.shamtoo.fr\/index.php\/wp-json\/wp\/v2\/media\/212"}],"wp:attachment":[{"href":"https:\/\/www.shamtoo.fr\/index.php\/wp-json\/wp\/v2\/media?parent=210"}],"wp:term":[{"taxonomy":"product_cat","embeddable":true,"href":"https:\/\/www.shamtoo.fr\/index.php\/wp-json\/wp\/v2\/product_cat?post=210"},{"taxonomy":"product_tag","embeddable":true,"href":"https:\/\/www.shamtoo.fr\/index.php\/wp-json\/wp\/v2\/product_tag?post=210"}],"curies":[{"name":"wp","href":"https:\/\/api.w.org\/{rel}","templated":true}]}}