{"id":297,"date":"2024-11-03T16:03:47","date_gmt":"2024-11-03T15:03:47","guid":{"rendered":"https:\/\/www.shamtoo.fr\/?post_type=product&#038;p=297"},"modified":"2025-08-14T11:24:59","modified_gmt":"2025-08-14T09:24:59","slug":"oh-la-la-serigraphie-deux-couleurs-format-a5","status":"publish","type":"product","link":"https:\/\/www.shamtoo.fr\/index.php\/product\/oh-la-la-serigraphie-deux-couleurs-format-a5\/","title":{"rendered":"Oh la la &#8211; s\u00e9rigraphie deux couleurs format ~ A5"},"content":{"rendered":"<p><strong>S\u00e9rigraphie Ohlala<\/strong><\/p>\n<p>Deux passages, le noir est moir\u00e9. 15 exemplaires uniques sign\u00e9s et num\u00e9rot\u00e9s.<\/p>\n<p>Papier Fedrigoni Arena blanc 300 gr\u00a0 _ _ _\u00a0 A5 approx. 15&#215;21 cm<\/p>\n","protected":false},"excerpt":{"rendered":"[video width=\"1280\" height=\"720\" mp4=\"http:\/\/www.shamtoo.fr\/wp-content\/uploads\/2024\/11\/IMG_5303-1.mp4\"][\/video]\n","protected":false},"featured_media":300,"comment_status":"open","ping_status":"closed","template":"","meta":[],"product_cat":[23],"product_tag":[],"class_list":{"0":"post-297","1":"product","2":"type-product","3":"status-publish","4":"has-post-thumbnail","6":"product_cat-series-et-originaux","7":"product_shipping_class-shipping-dessin-original","9":"first","10":"instock","11":"shipping-taxable","12":"purchasable","13":"product-type-simple"},"_links":{"self":[{"href":"https:\/\/www.shamtoo.fr\/index.php\/wp-json\/wp\/v2\/product\/297","targetHints":{"allow":["GET"]}}],"collection":[{"href":"https:\/\/www.shamtoo.fr\/index.php\/wp-json\/wp\/v2\/product"}],"about":[{"href":"https:\/\/www.shamtoo.fr\/index.php\/wp-json\/wp\/v2\/types\/product"}],"replies":[{"embeddable":true,"href":"https:\/\/www.shamtoo.fr\/index.php\/wp-json\/wp\/v2\/comments?post=297"}],"wp:featuredmedia":[{"embeddable":true,"href":"https:\/\/www.shamtoo.fr\/index.php\/wp-json\/wp\/v2\/media\/300"}],"wp:attachment":[{"href":"https:\/\/www.shamtoo.fr\/index.php\/wp-json\/wp\/v2\/media?parent=297"}],"wp:term":[{"taxonomy":"product_cat","embeddable":true,"href":"https:\/\/www.shamtoo.fr\/index.php\/wp-json\/wp\/v2\/product_cat?post=297"},{"taxonomy":"product_tag","embeddable":true,"href":"https:\/\/www.shamtoo.fr\/index.php\/wp-json\/wp\/v2\/product_tag?post=297"}],"curies":[{"name":"wp","href":"https:\/\/api.w.org\/{rel}","templated":true}]}}