{"id":301,"date":"2024-11-03T17:13:23","date_gmt":"2024-11-03T16:13:23","guid":{"rendered":"https:\/\/www.shamtoo.fr\/?post_type=product&#038;p=301"},"modified":"2025-12-20T14:47:10","modified_gmt":"2025-12-20T13:47:10","slug":"chewing-fantome-serigraphie-deux-couleurs-format-a5-copy","status":"publish","type":"product","link":"https:\/\/www.shamtoo.fr\/index.php\/product\/chewing-fantome-serigraphie-deux-couleurs-format-a5-copy\/","title":{"rendered":"Chewing Fant\u00f4me &#8211; s\u00e9rigraphie deux couleurs format ~ A5"},"content":{"rendered":"<p><strong>S\u00e9rigraphie Chewing Fant\u00f4me<\/strong><\/p>\n<p>Deux passages. 15 exemplaires uniques sign\u00e9s et num\u00e9rot\u00e9s.<\/p>\n<p>Papier Fedrigoni Arena blanc 300 gr\u00a0 _ _ _\u00a0 A5 approx. 15&#215;21 cm<\/p>\n","protected":false},"excerpt":{"rendered":"<p>S\u00e9rigraphie Chewing Fant\u00f4me Deux passages. 15 exemplaires uniques sign\u00e9s et num\u00e9rot\u00e9s. Papier Fedrigoni Arena blanc 300 gr\u00a0 _ _ _\u00a0 A5 approx. 15&#215;21 cm<\/p>\n","protected":false},"featured_media":303,"comment_status":"open","ping_status":"closed","template":"","meta":[],"product_cat":[23],"product_tag":[],"class_list":{"0":"post-301","1":"product","2":"type-product","3":"status-publish","4":"has-post-thumbnail","6":"product_cat-series-et-originaux","7":"product_shipping_class-shipping-dessin-original","9":"first","10":"instock","11":"shipping-taxable","12":"purchasable","13":"product-type-simple"},"_links":{"self":[{"href":"https:\/\/www.shamtoo.fr\/index.php\/wp-json\/wp\/v2\/product\/301","targetHints":{"allow":["GET"]}}],"collection":[{"href":"https:\/\/www.shamtoo.fr\/index.php\/wp-json\/wp\/v2\/product"}],"about":[{"href":"https:\/\/www.shamtoo.fr\/index.php\/wp-json\/wp\/v2\/types\/product"}],"replies":[{"embeddable":true,"href":"https:\/\/www.shamtoo.fr\/index.php\/wp-json\/wp\/v2\/comments?post=301"}],"wp:featuredmedia":[{"embeddable":true,"href":"https:\/\/www.shamtoo.fr\/index.php\/wp-json\/wp\/v2\/media\/303"}],"wp:attachment":[{"href":"https:\/\/www.shamtoo.fr\/index.php\/wp-json\/wp\/v2\/media?parent=301"}],"wp:term":[{"taxonomy":"product_cat","embeddable":true,"href":"https:\/\/www.shamtoo.fr\/index.php\/wp-json\/wp\/v2\/product_cat?post=301"},{"taxonomy":"product_tag","embeddable":true,"href":"https:\/\/www.shamtoo.fr\/index.php\/wp-json\/wp\/v2\/product_tag?post=301"}],"curies":[{"name":"wp","href":"https:\/\/api.w.org\/{rel}","templated":true}]}}