{"id":326,"date":"2024-11-13T18:14:55","date_gmt":"2024-11-13T17:14:55","guid":{"rendered":"http:\/\/www.shamtoo.fr\/?post_type=product&#038;p=326"},"modified":"2024-11-13T18:19:22","modified_gmt":"2024-11-13T17:19:22","slug":"petit-enfant-serigraphie-deux-couleurs-aquarelle-format-a5-copy","status":"publish","type":"product","link":"https:\/\/www.shamtoo.fr\/index.php\/product\/petit-enfant-serigraphie-deux-couleurs-aquarelle-format-a5-copy\/","title":{"rendered":"Petit enfant &#8211; s\u00e9rigraphie deux couleurs + aquarelle format ~ A5 (Copy)"},"content":{"rendered":"<p><strong>S\u00e9rigraphie Petit enfant<\/strong><\/p>\n<p>Deux passages et lavis aquarelle. 15 exemplaires uniques sign\u00e9s et num\u00e9rot\u00e9s.<\/p>\n<p>Votre exemplaire aura un lavis d&#8217;aquarelle dans les tons roses (comme sur la photo &#8211; exemplaire d\u00e9j\u00e0 vendu) ou bleus\/violets suivant les exemplaires restants, vous pouvez m&#8217;indiquer votre pr\u00e9f\u00e9rence par email ou sur DM Insta.<\/p>\n<p>Papier Fedrigoni Arena blanc 300 gr\u00a0 _ _ _\u00a0 A5 approx. 15&#215;21 cm<\/p>\n","protected":false},"excerpt":{"rendered":"<p>S\u00e9rigraphie Petit enfant Deux passages et lavis aquarelle. 15 exemplaires uniques sign\u00e9s et num\u00e9rot\u00e9s. Votre exemplaire aura un lavis d&#8217;aquarelle dans les tons roses (comme sur la photo &#8211; exemplaire d\u00e9j\u00e0 vendu) ou bleus\/violets suivant les exemplaires restants, vous pouvez m&#8217;indiquer votre pr\u00e9f\u00e9rence par email ou sur DM Insta. Papier Fedrigoni Arena blanc 300 gr\u00a0 &hellip; <\/p>\n<p class=\"link-more\"><a href=\"https:\/\/www.shamtoo.fr\/index.php\/product\/petit-enfant-serigraphie-deux-couleurs-aquarelle-format-a5-copy\/\" class=\"more-link\">Continue reading<span class=\"screen-reader-text\"> &#8220;Petit enfant &#8211; s\u00e9rigraphie deux couleurs + aquarelle format ~ A5 (Copy)&#8221;<\/span><\/a><\/p>\n","protected":false},"featured_media":312,"comment_status":"open","ping_status":"closed","template":"","meta":[],"product_cat":[23],"product_tag":[],"class_list":{"0":"post-326","1":"product","2":"type-product","3":"status-publish","4":"has-post-thumbnail","6":"product_cat-series-et-originaux","7":"product_shipping_class-shipping-dessin-original","9":"first","10":"instock","11":"shipping-taxable","12":"purchasable","13":"product-type-simple"},"_links":{"self":[{"href":"https:\/\/www.shamtoo.fr\/index.php\/wp-json\/wp\/v2\/product\/326","targetHints":{"allow":["GET"]}}],"collection":[{"href":"https:\/\/www.shamtoo.fr\/index.php\/wp-json\/wp\/v2\/product"}],"about":[{"href":"https:\/\/www.shamtoo.fr\/index.php\/wp-json\/wp\/v2\/types\/product"}],"replies":[{"embeddable":true,"href":"https:\/\/www.shamtoo.fr\/index.php\/wp-json\/wp\/v2\/comments?post=326"}],"wp:featuredmedia":[{"embeddable":true,"href":"https:\/\/www.shamtoo.fr\/index.php\/wp-json\/wp\/v2\/media\/312"}],"wp:attachment":[{"href":"https:\/\/www.shamtoo.fr\/index.php\/wp-json\/wp\/v2\/media?parent=326"}],"wp:term":[{"taxonomy":"product_cat","embeddable":true,"href":"https:\/\/www.shamtoo.fr\/index.php\/wp-json\/wp\/v2\/product_cat?post=326"},{"taxonomy":"product_tag","embeddable":true,"href":"https:\/\/www.shamtoo.fr\/index.php\/wp-json\/wp\/v2\/product_tag?post=326"}],"curies":[{"name":"wp","href":"https:\/\/api.w.org\/{rel}","templated":true}]}}